{"id":546,"date":"2025-07-04T11:42:38","date_gmt":"2025-07-04T09:42:38","guid":{"rendered":"https:\/\/nanosilk.it\/?page_id=546"},"modified":"2026-03-25T16:51:29","modified_gmt":"2026-03-25T15:51:29","slug":"where-we-are","status":"publish","type":"page","link":"https:\/\/nanosilk.it\/en\/where-we-are\/","title":{"rendered":"Contact us"},"content":{"rendered":"<div data-elementor-type=\"wp-page\" data-elementor-id=\"546\" class=\"elementor elementor-546\" data-elementor-post-type=\"page\">\n\t\t\t\t<div class=\"elementor-element elementor-element-5ad61b5 e-flex e-con-boxed elementor-invisible e-con e-parent\" data-id=\"5ad61b5\" data-element_type=\"container\" data-settings=\"{&quot;background_background&quot;:&quot;classic&quot;,&quot;animation&quot;:&quot;fadeIn&quot;}\">\n\t\t\t\t\t<div class=\"e-con-inner\">\n\t\t\t\t<div class=\"elementor-element elementor-element-74dd75d elementor-widget elementor-widget-heading\" data-id=\"74dd75d\" data-element_type=\"widget\" data-widget_type=\"heading.default\">\n\t\t\t\t<div class=\"elementor-widget-container\">\n\t\t\t\t\t<h2 class=\"elementor-heading-title elementor-size-default translation-block\">Find the nearest <br> <span>Nanosilk Store\u2028<\/span><\/h2>\t\t\t\t<\/div>\n\t\t\t\t<\/div>\n\t\t\t\t<div class=\"elementor-element elementor-element-a505e0c elementor-widget elementor-widget-text-editor\" data-id=\"a505e0c\" data-element_type=\"widget\" data-widget_type=\"text-editor.default\">\n\t\t\t\t<div class=\"elementor-widget-container\">\n\t\t\t\t\t\t\t\t\t<p>Locate the closest store to you and join those who have already chosen the best for hair care.<\/p>\t\t\t\t\t\t\t\t<\/div>\n\t\t\t\t<\/div>\n\t\t\t\t<div class=\"elementor-element elementor-element-f301ac4 elementor-widget elementor-widget-shortcode\" data-id=\"f301ac4\" data-element_type=\"widget\" data-widget_type=\"shortcode.default\">\n\t\t\t\t<div class=\"elementor-widget-container\">\n\t\t\t\t\t\t\t<div class=\"elementor-shortcode\"><style>\r\n\t#wpsl-stores, #wpsl-direction-details, #wpsl-gmap {height:600px !important;}\r\n\t#wpsl-gmap .wpsl-info-window {max-width:225px !important;}\r\n\t.wpsl-input label, #wpsl-radius label, #wpsl-category label {width:150px;}\r\n\t#wpsl-search-input  {width:179px;}\r\n<\/style>\r\n<div id=\"wpsl-wrap\">\r\n\t<div class=\"wpsl-search wpsl-clearfix\">\r\n\t\t<div id=\"wpsl-search-wrap\">\r\n\t\t\t<form autocomplete=\"off\" action=\"\">\r\n\t\t\t<div class=\"wpsl-input\">\r\n\t\t\t\t<div><label for=\"wpsl-search-input\">Your position<\/label><\/div>\r\n\t\t\t\t<input id=\"wpsl-search-input\" type=\"text\" value=\"\" name=\"wpsl-search-input\" placeholder=\"\" aria-required=\"true\" \/>\r\n\t\t\t<\/div>\r\n\t\t\t<div class=\"wpsl-select-wrap\">\r\n\t\t\t\t<div id=\"wpsl-radius\">\r\n\t\t\t\t\t<label for=\"wpsl-radius-dropdown\">Search Distance<\/label>\r\n\t\t\t\t\t<select id=\"wpsl-radius-dropdown\" class=\"wpsl-dropdown\" name=\"wpsl-radius\">\r\n\t\t\t\t\t\t<option value=\"10\">10 km<\/option><option value=\"25\">25 km<\/option><option selected=\"selected\" value=\"50\">50 km<\/option><option value=\"100\">100 km<\/option><option value=\"200\">200 km<\/option><option value=\"500\">500 km<\/option>\r\n\t\t\t\t\t<\/select>\r\n\t\t\t\t<\/div>\r\n\t\t\t\t<div id=\"wpsl-results\">\r\n\t\t\t\t\t<label for=\"wpsl-results-dropdown\">Results<\/label>\r\n\t\t\t\t\t<select id=\"wpsl-results-dropdown\" class=\"wpsl-dropdown\" name=\"wpsl-results\">\r\n\t\t\t\t\t\t<option selected=\"selected\" value=\"25\">25<\/option><option value=\"50\">50<\/option><option value=\"75\">75<\/option><option value=\"100\">100<\/option>\r\n\t\t\t\t\t<\/select>\r\n\t\t\t\t<\/div>\r\n\t\t\t<\/div>\r\n\t\t\t\t<div class=\"wpsl-search-btn-wrap\"><input id=\"wpsl-search-btn\" type=\"submit\" value=\"Search\"><\/div>\r\n\t\t<input type=\"hidden\" name=\"trp-form-language\" value=\"en\"\/><\/form>\r\n\t\t<\/div>\r\n\t<\/div>\r\n\t<div id=\"wpsl-gmap\" class=\"wpsl-gmap-canvas\"><\/div>\r\n\t<div id=\"wpsl-result-list\">\r\n\t\t<div id=\"wpsl-stores\" >\r\n\t\t\t<ul><\/ul>\r\n\t\t<\/div>\r\n\t\t<div id=\"wpsl-direction-details\">\r\n\t\t\t<ul><\/ul>\r\n\t\t<\/div>\r\n\t<\/div>\r\n<\/div>\r\n<\/div>\n\t\t\t\t\t\t<\/div>\n\t\t\t\t<\/div>\n\t\t\t\t\t<\/div>\n\t\t\t\t<\/div>\n\t\t<div class=\"elementor-element elementor-element-114984e e-flex e-con-boxed elementor-invisible e-con e-parent\" data-id=\"114984e\" data-element_type=\"container\" data-settings=\"{&quot;background_background&quot;:&quot;classic&quot;,&quot;animation&quot;:&quot;fadeIn&quot;}\">\n\t\t\t\t\t<div class=\"e-con-inner\">\n\t\t<div class=\"elementor-element elementor-element-d549f15 e-con-full e-flex e-con e-child\" data-id=\"d549f15\" data-element_type=\"container\">\n\t\t\t\t<div class=\"elementor-element elementor-element-a2103fd elementor-widget elementor-widget-heading\" data-id=\"a2103fd\" data-element_type=\"widget\" data-widget_type=\"heading.default\">\n\t\t\t\t<div class=\"elementor-widget-container\">\n\t\t\t\t\t<h2 class=\"elementor-heading-title elementor-size-default\">Write to us<\/h2>\t\t\t\t<\/div>\n\t\t\t\t<\/div>\n\t\t\t\t<div class=\"elementor-element elementor-element-3d24ac4 elementor-button-align-stretch elementor-widget elementor-widget-form\" data-id=\"3d24ac4\" data-element_type=\"widget\" data-settings=\"{&quot;button_width&quot;:&quot;33&quot;,&quot;step_next_label&quot;:&quot;Successivo&quot;,&quot;step_previous_label&quot;:&quot;Precedente&quot;,&quot;step_type&quot;:&quot;number_text&quot;,&quot;step_icon_shape&quot;:&quot;circle&quot;}\" data-widget_type=\"form.default\">\n\t\t\t\t<div class=\"elementor-widget-container\">\n\t\t\t\t\t\t\t<form class=\"elementor-form\" method=\"post\" id=\"modulo_contatti\" name=\"Modulo contatti\" aria-label=\"Modulo contatti\" action=\"\">\n\t\t\t<input type=\"hidden\" name=\"post_id\" value=\"546\"\/>\n\t\t\t<input type=\"hidden\" name=\"form_id\" value=\"3d24ac4\"\/>\n\t\t\t<input type=\"hidden\" name=\"referer_title\" value=\"Dove siamo | Nanosilk: Nanoplastia Professionale\" \/>\n\n\t\t\t\t\t\t\t<input type=\"hidden\" name=\"queried_id\" value=\"546\"\/>\n\t\t\t\n\t\t\t<div class=\"elementor-form-fields-wrapper elementor-labels-\">\n\t\t\t\t\t\t\t\t<div class=\"elementor-field-type-text elementor-field-group elementor-column elementor-field-group-name elementor-col-50\">\n\t\t\t\t\t\t\t\t\t\t\t\t<label for=\"form-field-name\" class=\"elementor-field-label elementor-screen-only\">\n\t\t\t\t\t\t\t\tName\t\t\t\t\t\t\t<\/label>\n\t\t\t\t\t\t\t\t\t\t\t\t\t\t<input size=\"1\" type=\"text\" name=\"form_fields[name]\" id=\"form-field-name\" class=\"elementor-field elementor-size-sm  elementor-field-textual\" placeholder=\"Name\">\n\t\t\t\t\t\t\t\t\t\t\t<\/div>\n\t\t\t\t\t\t\t\t<div class=\"elementor-field-type-email elementor-field-group elementor-column elementor-field-group-email elementor-col-50 elementor-field-required\">\n\t\t\t\t\t\t\t\t\t\t\t\t<label for=\"form-field-email\" class=\"elementor-field-label elementor-screen-only\">\n\t\t\t\t\t\t\t\tEmail\t\t\t\t\t\t\t<\/label>\n\t\t\t\t\t\t\t\t\t\t\t\t\t\t<input size=\"1\" type=\"email\" name=\"form_fields[email]\" id=\"form-field-email\" class=\"elementor-field elementor-size-sm  elementor-field-textual\" placeholder=\"Email\" required=\"required\">\n\t\t\t\t\t\t\t\t\t\t\t<\/div>\n\t\t\t\t\t\t\t\t<div class=\"elementor-field-type-tel elementor-field-group elementor-column elementor-field-group-field_de7f91f elementor-col-100\">\n\t\t\t\t\t\t\t\t\t\t\t\t<label for=\"form-field-field_de7f91f\" class=\"elementor-field-label elementor-screen-only\">\n\t\t\t\t\t\t\t\tPhone number\t\t\t\t\t\t\t<\/label>\n\t\t\t\t\t\t\t\t<input size=\"1\" type=\"tel\" name=\"form_fields[field_de7f91f]\" id=\"form-field-field_de7f91f\" class=\"elementor-field elementor-size-sm  elementor-field-textual\" placeholder=\"Phone number\" pattern=\"[0-9()#&amp;+*-=.]+\" title=\"Sono accettati solo numeri e caratteri telefonici (#, -, *, ecc.).\">\n\n\t\t\t\t\t\t<\/div>\n\t\t\t\t\t\t\t\t<div class=\"elementor-field-type-textarea elementor-field-group elementor-column elementor-field-group-message elementor-col-100\">\n\t\t\t\t\t\t\t\t\t\t\t\t<label for=\"form-field-message\" class=\"elementor-field-label elementor-screen-only\">\n\t\t\t\t\t\t\t\tMessage\t\t\t\t\t\t\t<\/label>\n\t\t\t\t\t\t<textarea class=\"elementor-field-textual elementor-field  elementor-size-sm\" name=\"form_fields[message]\" id=\"form-field-message\" rows=\"4\" placeholder=\"Message\"><\/textarea>\t\t\t\t<\/div>\n\t\t\t\t\t\t\t\t<div class=\"elementor-field-type-acceptance elementor-field-group elementor-column elementor-field-group-field_27c07be elementor-col-100\">\n\t\t\t\t\t\t\t\t\t\t\t\t<label for=\"form-field-field_27c07be\" class=\"elementor-field-label elementor-screen-only\">\n\t\t\t\t\t\t\t\tAccettazione\t\t\t\t\t\t\t<\/label>\n\t\t\t\t\t\t\t\t<div class=\"elementor-field-subgroup\">\n\t\t\t<span class=\"elementor-field-option\">\n\t\t\t\t<input type=\"checkbox\" name=\"form_fields[field_27c07be]\" id=\"form-field-field_27c07be\" class=\"elementor-field elementor-size-sm  elementor-acceptance-field\">\n\t\t\t\t<label for=\"form-field-field_27c07be\">I have read and accept the privacy policy.<\/label>\t\t\t<\/span>\n\t\t<\/div>\n\t\t\t\t\t\t<\/div>\n\t\t\t\t\t\t\t\t<div class=\"elementor-field-group elementor-column elementor-field-type-submit elementor-col-33 e-form__buttons\">\n\t\t\t\t\t<button class=\"elementor-button elementor-size-sm\" type=\"submit\">\n\t\t\t\t\t\t<span class=\"elementor-button-content-wrapper\">\n\t\t\t\t\t\t\t\t\t\t\t\t\t\t\t\t\t\t\t\t\t\t<span class=\"elementor-button-text\">Send<\/span>\n\t\t\t\t\t\t\t\t\t\t\t\t\t<\/span>\n\t\t\t\t\t<\/button>\n\t\t\t\t<\/div>\n\t\t\t<\/div>\n\t\t<input type=\"hidden\" name=\"trp-form-language\" value=\"en\"\/><\/form>\n\t\t\t\t\t\t<\/div>\n\t\t\t\t<\/div>\n\t\t\t\t<\/div>\n\t\t<div class=\"elementor-element elementor-element-e108064 e-con-full e-flex e-con e-child\" data-id=\"e108064\" data-element_type=\"container\">\n\t\t\t\t<div class=\"elementor-element elementor-element-791d4e9 elementor-widget elementor-widget-heading\" data-id=\"791d4e9\" data-element_type=\"widget\" data-widget_type=\"heading.default\">\n\t\t\t\t<div class=\"elementor-widget-container\">\n\t\t\t\t\t<h2 class=\"elementor-heading-title elementor-size-default\">Contact us<\/h2>\t\t\t\t<\/div>\n\t\t\t\t<\/div>\n\t\t\t\t<div class=\"elementor-element elementor-element-e470dcc elementor-widget elementor-widget-text-editor\" data-id=\"e470dcc\" data-element_type=\"widget\" data-widget_type=\"text-editor.default\">\n\t\t\t\t<div class=\"elementor-widget-container\">\n\t\t\t\t\t\t\t\t\t<p>info@nanosilk.it<br \/>3514630201<\/p>\t\t\t\t\t\t\t\t<\/div>\n\t\t\t\t<\/div>\n\t\t\t\t<\/div>\n\t\t\t\t\t<\/div>\n\t\t\t\t<\/div>\n\t\t<div class=\"elementor-element elementor-element-32fb6266 e-flex e-con-boxed e-con e-parent\" data-id=\"32fb6266\" data-element_type=\"container\" data-settings=\"{&quot;background_background&quot;:&quot;classic&quot;}\">\n\t\t\t\t\t<div class=\"e-con-inner\">\n\t\t\t\t<div class=\"elementor-element elementor-element-104708a3 elementor-widget elementor-widget-heading\" data-id=\"104708a3\" data-element_type=\"widget\" data-widget_type=\"heading.default\">\n\t\t\t\t<div class=\"elementor-widget-container\">\n\t\t\t\t\t<h3 class=\"elementor-heading-title elementor-size-default\">Get 10% off your first order<\/h3>\t\t\t\t<\/div>\n\t\t\t\t<\/div>\n\t\t\t\t<div class=\"elementor-element elementor-element-5f201d4d elementor-widget elementor-widget-text-editor\" data-id=\"5f201d4d\" data-element_type=\"widget\" data-widget_type=\"text-editor.default\">\n\t\t\t\t<div class=\"elementor-widget-container\">\n\t\t\t\t\t\t\t\t\t<p><span data-sheets-root=\"1\">Stay up to date with exclusive offers, <br \/>early access to new launches, and expert haircare tips from Nanosilk.<\/span><\/p>\t\t\t\t\t\t\t\t<\/div>\n\t\t\t\t<\/div>\n\t\t<div class=\"elementor-element elementor-element-1d94ab6 e-con-full e-flex e-con e-child\" data-id=\"1d94ab6\" data-element_type=\"container\">\n\t\t\t\t<div class=\"elementor-element elementor-element-55d7d55 elementor-widget elementor-widget-global elementor-global-7357 elementor-widget-html\" data-id=\"55d7d55\" data-element_type=\"widget\" data-widget_type=\"html.default\">\n\t\t\t\t<div class=\"elementor-widget-container\">\n\t\t\t\t\t<iframe\n    src=\"https:\/\/api.leadconnectorhq.com\/widget\/form\/NBcbYiov8vVrMzNyPTqR\"\n    style=\"width:100%;height:100%;border:none;border-radius:3px\"\n    id=\"inline-NBcbYiov8vVrMzNyPTqR\" \n    data-layout=\"{'id':'INLINE'}\"\n    data-trigger-type=\"alwaysShow\"\n    data-trigger-value=\"\"\n    data-activation-type=\"alwaysActivated\"\n    data-activation-value=\"\"\n    data-deactivation-type=\"neverDeactivate\"\n    data-deactivation-value=\"\"\n    data-form-name=\"Newsletter Sito\"\n    data-height=\"312\"\n    data-layout-iframe-id=\"inline-NBcbYiov8vVrMzNyPTqR\"\n    data-form-id=\"NBcbYiov8vVrMzNyPTqR\"\n    title=\"Newsletter Sito\"\n        >\n<\/iframe>\n<script src=\"https:\/\/link.msgsndr.com\/js\/form_embed.js\"><\/script>\t\t\t\t<\/div>\n\t\t\t\t<\/div>\n\t\t\t\t<\/div>\n\t\t\t\t\t<\/div>\n\t\t\t\t<\/div>\n\t\t\t\t<\/div>","protected":false},"excerpt":{"rendered":"<p>Trova il Punto Vendita Nanosilk pi\u00f9 vicino a te Trova la localit\u00e0 pi\u00f9 vicina a te e unisciti a chi ha gi\u00e0 scelto il meglio per la cura dei capelli. Scrivici Contattaci info@nanosilk.it3514630201 Ricevi il 10% di sconto sul tuo primo ordine Rimani aggiornata su offerte esclusive, novit\u00e0 in anteprima e consigli haircare firmati Nanosilk.<\/p>","protected":false},"author":1,"featured_media":0,"parent":0,"menu_order":0,"comment_status":"closed","ping_status":"closed","template":"","meta":{"_acf_changed":false,"footnotes":""},"class_list":["post-546","page","type-page","status-publish","hentry"],"acf":[],"yoast_head":"<!-- This site is optimized with the Yoast SEO plugin v26.2 - https:\/\/yoast.com\/wordpress\/plugins\/seo\/ -->\n<title>Dove siamo | Nanosilk: Nanoplastia Professionale<\/title>\n<meta name=\"description\" content=\"Trova il salone pi\u00f9 vicino a te: scopri i saloni partner di Nanosilk che fanno trattamento Nanoplastia in Italia.\" \/>\n<meta name=\"robots\" content=\"index, follow, max-snippet:-1, max-image-preview:large, max-video-preview:-1\" \/>\n<link rel=\"canonical\" href=\"https:\/\/nanosilk.it\/en\/where-we-are\/\" \/>\n<meta property=\"og:locale\" content=\"en_GB\" \/>\n<meta property=\"og:type\" content=\"article\" \/>\n<meta property=\"og:title\" content=\"Dove siamo | Nanosilk: Nanoplastia Professionale\" \/>\n<meta property=\"og:description\" content=\"Trova il salone pi\u00f9 vicino a te: scopri i saloni partner di Nanosilk che fanno trattamento Nanoplastia in Italia.\" \/>\n<meta property=\"og:url\" content=\"https:\/\/nanosilk.it\/en\/where-we-are\/\" \/>\n<meta property=\"og:site_name\" content=\"Nanosilk: Nanoplastia Professionale\" \/>\n<meta property=\"article:publisher\" content=\"https:\/\/www.facebook.com\/people\/Nanosilk-Nanoplastia\/61558693862124\/\" \/>\n<meta property=\"article:modified_time\" content=\"2026-03-25T15:51:29+00:00\" \/>\n<meta name=\"twitter:card\" content=\"summary_large_image\" \/>\n<meta name=\"twitter:label1\" content=\"Estimated reading time\" \/>\n\t<meta name=\"twitter:data1\" content=\"1 minute\" \/>\n<script type=\"application\/ld+json\" class=\"yoast-schema-graph\">{\"@context\":\"https:\/\/schema.org\",\"@graph\":[{\"@type\":[\"WebPage\",\"ContactPage\"],\"@id\":\"https:\/\/nanosilk.it\/dove-siamo\/\",\"url\":\"https:\/\/nanosilk.it\/dove-siamo\/\",\"name\":\"Dove siamo | Nanosilk: Nanoplastia Professionale\",\"isPartOf\":{\"@id\":\"https:\/\/nanosilk.it\/#website\"},\"datePublished\":\"2025-07-04T09:42:38+00:00\",\"dateModified\":\"2026-03-25T15:51:29+00:00\",\"description\":\"Trova il salone pi\u00f9 vicino a te: scopri i saloni partner di Nanosilk che fanno trattamento Nanoplastia in Italia.\",\"breadcrumb\":{\"@id\":\"https:\/\/nanosilk.it\/dove-siamo\/#breadcrumb\"},\"inLanguage\":\"en-GB\",\"potentialAction\":[{\"@type\":\"ReadAction\",\"target\":[\"https:\/\/nanosilk.it\/dove-siamo\/\"]}]},{\"@type\":\"BreadcrumbList\",\"@id\":\"https:\/\/nanosilk.it\/dove-siamo\/#breadcrumb\",\"itemListElement\":[{\"@type\":\"ListItem\",\"position\":1,\"name\":\"Home\",\"item\":\"https:\/\/nanosilk.it\/\"},{\"@type\":\"ListItem\",\"position\":2,\"name\":\"Dove siamo\"}]},{\"@type\":\"WebSite\",\"@id\":\"https:\/\/nanosilk.it\/#website\",\"url\":\"https:\/\/nanosilk.it\/\",\"name\":\"Nanosilk: Nanoplastia Professionale\",\"description\":\"Trattamento ricostituente e lisciante per capelli Nanoplastia\",\"publisher\":{\"@id\":\"https:\/\/nanosilk.it\/#organization\"},\"potentialAction\":[{\"@type\":\"SearchAction\",\"target\":{\"@type\":\"EntryPoint\",\"urlTemplate\":\"https:\/\/nanosilk.it\/?s={search_term_string}\"},\"query-input\":{\"@type\":\"PropertyValueSpecification\",\"valueRequired\":true,\"valueName\":\"search_term_string\"}}],\"inLanguage\":\"en-GB\"},{\"@type\":\"Organization\",\"@id\":\"https:\/\/nanosilk.it\/#organization\",\"name\":\"Nanosilk\",\"url\":\"https:\/\/nanosilk.it\/\",\"logo\":{\"@type\":\"ImageObject\",\"inLanguage\":\"en-GB\",\"@id\":\"https:\/\/nanosilk.it\/#\/schema\/logo\/image\/\",\"url\":\"https:\/\/nanosilk.it\/wp-content\/uploads\/2025\/07\/logo-nero-ok.svg\",\"contentUrl\":\"https:\/\/nanosilk.it\/wp-content\/uploads\/2025\/07\/logo-nero-ok.svg\",\"width\":141,\"height\":36,\"caption\":\"Nanosilk\"},\"image\":{\"@id\":\"https:\/\/nanosilk.it\/#\/schema\/logo\/image\/\"},\"sameAs\":[\"https:\/\/www.facebook.com\/people\/Nanosilk-Nanoplastia\/61558693862124\/\",\"https:\/\/www.instagram.com\/nanosilk_\/\"]}]}<\/script>\n<!-- \/ Yoast SEO plugin. -->","yoast_head_json":{"title":"Dove siamo | Nanosilk: Nanoplastia Professionale","description":"Trova il salone pi\u00f9 vicino a te: scopri i saloni partner di Nanosilk che fanno trattamento Nanoplastia in Italia.","robots":{"index":"index","follow":"follow","max-snippet":"max-snippet:-1","max-image-preview":"max-image-preview:large","max-video-preview":"max-video-preview:-1"},"canonical":"https:\/\/nanosilk.it\/en\/where-we-are\/","og_locale":"en_GB","og_type":"article","og_title":"Dove siamo | Nanosilk: Nanoplastia Professionale","og_description":"Trova il salone pi\u00f9 vicino a te: scopri i saloni partner di Nanosilk che fanno trattamento Nanoplastia in Italia.","og_url":"https:\/\/nanosilk.it\/en\/where-we-are\/","og_site_name":"Nanosilk: Nanoplastia Professionale","article_publisher":"https:\/\/www.facebook.com\/people\/Nanosilk-Nanoplastia\/61558693862124\/","article_modified_time":"2026-03-25T15:51:29+00:00","twitter_card":"summary_large_image","twitter_misc":{"Estimated reading time":"1 minute"},"schema":{"@context":"https:\/\/schema.org","@graph":[{"@type":["WebPage","ContactPage"],"@id":"https:\/\/nanosilk.it\/dove-siamo\/","url":"https:\/\/nanosilk.it\/dove-siamo\/","name":"Dove siamo | Nanosilk: Nanoplastia Professionale","isPartOf":{"@id":"https:\/\/nanosilk.it\/#website"},"datePublished":"2025-07-04T09:42:38+00:00","dateModified":"2026-03-25T15:51:29+00:00","description":"Trova il salone pi\u00f9 vicino a te: scopri i saloni partner di Nanosilk che fanno trattamento Nanoplastia in Italia.","breadcrumb":{"@id":"https:\/\/nanosilk.it\/dove-siamo\/#breadcrumb"},"inLanguage":"en-GB","potentialAction":[{"@type":"ReadAction","target":["https:\/\/nanosilk.it\/dove-siamo\/"]}]},{"@type":"BreadcrumbList","@id":"https:\/\/nanosilk.it\/dove-siamo\/#breadcrumb","itemListElement":[{"@type":"ListItem","position":1,"name":"Home","item":"https:\/\/nanosilk.it\/"},{"@type":"ListItem","position":2,"name":"Dove siamo"}]},{"@type":"WebSite","@id":"https:\/\/nanosilk.it\/#website","url":"https:\/\/nanosilk.it\/","name":"Nanosilk: Professional Nanoplasty","description":"Trattamento ricostituente e lisciante per capelli Nanoplastia","publisher":{"@id":"https:\/\/nanosilk.it\/#organization"},"potentialAction":[{"@type":"SearchAction","target":{"@type":"EntryPoint","urlTemplate":"https:\/\/nanosilk.it\/?s={search_term_string}"},"query-input":{"@type":"PropertyValueSpecification","valueRequired":true,"valueName":"search_term_string"}}],"inLanguage":"en-GB"},{"@type":"Organization","@id":"https:\/\/nanosilk.it\/#organization","name":"Nanosilk","url":"https:\/\/nanosilk.it\/","logo":{"@type":"ImageObject","inLanguage":"en-GB","@id":"https:\/\/nanosilk.it\/#\/schema\/logo\/image\/","url":"https:\/\/nanosilk.it\/wp-content\/uploads\/2025\/07\/logo-nero-ok.svg","contentUrl":"https:\/\/nanosilk.it\/wp-content\/uploads\/2025\/07\/logo-nero-ok.svg","width":141,"height":36,"caption":"Nanosilk"},"image":{"@id":"https:\/\/nanosilk.it\/#\/schema\/logo\/image\/"},"sameAs":["https:\/\/www.facebook.com\/people\/Nanosilk-Nanoplastia\/61558693862124\/","https:\/\/www.instagram.com\/nanosilk_\/"]}]}},"jetpack_sharing_enabled":true,"_links":{"self":[{"href":"https:\/\/nanosilk.it\/en\/wp-json\/wp\/v2\/pages\/546","targetHints":{"allow":["GET"]}}],"collection":[{"href":"https:\/\/nanosilk.it\/en\/wp-json\/wp\/v2\/pages"}],"about":[{"href":"https:\/\/nanosilk.it\/en\/wp-json\/wp\/v2\/types\/page"}],"author":[{"embeddable":true,"href":"https:\/\/nanosilk.it\/en\/wp-json\/wp\/v2\/users\/1"}],"replies":[{"embeddable":true,"href":"https:\/\/nanosilk.it\/en\/wp-json\/wp\/v2\/comments?post=546"}],"version-history":[{"count":4,"href":"https:\/\/nanosilk.it\/en\/wp-json\/wp\/v2\/pages\/546\/revisions"}],"predecessor-version":[{"id":7372,"href":"https:\/\/nanosilk.it\/en\/wp-json\/wp\/v2\/pages\/546\/revisions\/7372"}],"wp:attachment":[{"href":"https:\/\/nanosilk.it\/en\/wp-json\/wp\/v2\/media?parent=546"}],"curies":[{"name":"wp","href":"https:\/\/api.w.org\/{rel}","templated":true}]}}